{"id":674,"date":"2019-08-16T21:48:00","date_gmt":"2019-08-16T21:48:00","guid":{"rendered":"http:\/\/huta-pfotenfreunde.de\/?page_id=674"},"modified":"2019-08-17T14:10:36","modified_gmt":"2019-08-17T14:10:36","slug":"agbs","status":"publish","type":"page","link":"http:\/\/huta-pfotenfreunde.de\/?page_id=674","title":{"rendered":"AGB\u2018s"},"content":{"rendered":"\n<h2 class=\"wp-block-heading\"><span style=\"text-decoration: underline;\"><strong>Allgemeine Gesch\u00e4ftsbedingungen<\/strong><\/span><\/h2>\n\n\n\n<p>     <\/p>\n\n\n\n<p><\/p>\n\n\n\n<p>Stand 17.08.2019<\/p>\n\n\n\n<p style=\"text-align:center\"><strong><span style=\"text-decoration: underline;\">\u00a71 Verhalten auf dem HuTa-Gel\u00e4nde <\/span><\/strong><\/p>\n\n\n\n<p>a) Auf dem Gel\u00e4nde sind den Anweisungen von mir und meinen Mitarbeitern dringend Folge zu leisten <\/p>\n\n\n\n<p>b) Die beiden separaten Eingangstore sollen ein Ausb\u00fcxen der Hunde verhindern. Es ist von jedem darauf zu achten, dass immer nur ein Tor ge\u00f6ffnet ist und das andere verschlossen. <\/p>\n\n\n\n<p style=\"text-align:center\"><span style=\"text-decoration: underline;\"><strong>\u00a72 Aufnahmebedingungen <\/strong><\/span><\/p>\n\n\n\n<p>a) Nur Hunde die einen g\u00fcltigen Impfschutz (SHPPiLT) und eine g\u00fcltige Hundehalter-Haftpflichtversicherung besteht. Die Nachweise m\u00fcssen am Probetag, sowie jederzeit auf Anfrage vorgelegt werden. <\/p>\n\n\n\n<p>b) Hunde mit akuten und ansteckenden Krankheiten sind von der Betreuung ausgeschlossen. Sollte der Verdacht auf eine Erkrankung bestehen, muss der Hundehalter dies mitteilen. Wenn eine Erkrankung w\u00e4hrend der Betreuungszeit auftreten oder entdeckt werden sollte, behalte ich mir vor, die Betreuung abzubrechen und der Hund muss abgeholt werden. Im akuten Bedarfsfall wird ein Tierarzt bestellt, die Kosten hierf\u00fcr tr\u00e4gt der Hundehalter. Die HuTa Pfotenfreunde \u00fcbernimmt keine Haftung f\u00fcr Erkrankungen und deren Folge. <\/p>\n\n\n\n<p>c) L\u00e4ufige H\u00fcndinnen sind von der Betreuung ausgeschlossen. Wenn eine l\u00e4ufige H\u00fcndin dennoch zur Betreeung abgegeben wird \u00fcbernimmt die HuTa Pfotenfreunde keinerlei Haftung f\u00fcr die m\u00f6glichen Folgen, wie Deckung oder Bei\u00dfereien der anderen Hunde. Die hieraus entstehenden Kosten sind allein von dem Hundehalter der l\u00e4ufigen H\u00fcndin zu tragen. Auch f\u00fcr die Zeit vor und nach der L\u00e4ufigkeit (attraktives Riechen der H\u00fcndin) \u00fcbernimmt der Hundehalter die entstehenden Kosten und ist f\u00fcr die Folgen verantwortlich.<\/p>\n\n\n\n<p>d) Unvertr\u00e4gliche Hunde sind von der Betreeung ausgeschlossen. Dies kann am Probetag oder auch im sp\u00e4teren Verlauf auffallen. <\/p>\n\n\n\n<p>e) Die HuTa Pfotenfreunde beh\u00e4lt sich vor, Hunde die sich unwohl f\u00fchlen oder mit der Gruppenbetreuung nicht zurecht kommen, zu jeder Zeit auszuschlie\u00dfen <\/p>\n\n\n\n<p>f) Unverbesserliche Dauerkl\u00e4ffer k\u00f6nnen, aus R\u00fccksicht zu den direkten Nachbarn, zu jeder Zeit von der Betreuung ausgeschlossen werden. <\/p>\n\n\n\n<p style=\"text-align:center\"><strong><span style=\"text-decoration: underline;\">\u00a73 Fotos\/Videos und weitere Urheberrechte<\/span><\/strong><\/p>\n\n\n\n<p>a) HuTa Pfotenfreunde verwendet Fotos und Videos die w\u00e4hrend der Betreuungszeit entstehen zu Werbezwecken<\/p>\n\n\n\n<p>b) Die Rechte aus der Datenschutz-Grundverordnung bleiben unbenommen<\/p>\n\n\n\n<p style=\"text-align:center\"><span style=\"text-decoration: underline;\"><strong>\u00a74 Haftungsausschluss <\/strong><\/span><\/p>\n\n\n\n<p>a) Sollte es durch Streiterein zu Verletzungen unter den Hunden kommen, sind die Behandlungskosten von dessen Haltern bzw. der Hundehalterhaftpflichtversicherung zu tragen. F\u00fcr die Feststellung, welcher Hund angegriffen hat, gilt meine Aussage bzw. die meiner Vertretung. <\/p>\n\n\n\n<p>b) Das Gel\u00e4nde der HuTa ist rundherum eingez\u00e4unt, sollte ein Hund dennoch entwischen, haftet der Hundehalter mit den h\u00e4lftigem entstandenen Kosten. Die andere H\u00e4lfte wird von der HuTa Pfotenfreunde \u00fcbernommen.<\/p>\n\n\n\n<p>c) Die HuTa Pfotenfreunde schlie\u00dft jegliche Haftung auf Schadensersatz aus.<\/p>\n\n\n\n<p>d) Sollte w\u00e4hrend der Betreuungszeit bei einem Hund der Impfschutz erlischen, tr\u00e4gt der Halter des betreffenden Tieres f\u00fcr alle auftretenden Folgen die volle Verantwortung.<\/p>\n\n\n\n<p>e) Sollte im Verlauf der Betreuung die Hundehalterhaftpflichtversicherung erl\u00f6schen oder gek\u00fcndigt werden, haftet der Halter selbst f\u00fcr durch den Hund entstandenen Sch\u00e4den.<\/p>\n\n\n\n<p style=\"text-align:center\"><strong><span style=\"text-decoration: underline;\">\u00a75 Vertragliche Richtlinien <\/span><\/strong><\/p>\n\n\n\n<p>a) Jeder gew\u00fcnschte Betreuungstag muss vorab gebucht werden. Hierbei sind Bring- und Abholzeit festzulegen. Die Betreuung ist m\u00f6glich von Montag-Freitag von 07.00-18.00 Uhr. <\/p>\n\n\n\n<p>b) Per Monatsabonnement buchen Sie langfristig bestimmte Tage in der Woche f\u00fcr Ihren Hund. Die Monatsgeb\u00fchr ergibt sich aus den gew\u00fcnschten Tagen pro Woche und ist je zum Ersten eines Monats zu bezahlen. Aus den Monatspreisen sind Feiertage und Urlaubszeiten der HuTa Pfotenfreunde pro Jahr bereits rausgerechnet. F\u00fcr die dauerhafte Reservierung Ihres Platzes ist daher eine durchgehende Buchung n\u00f6tig. Eine Umbuchung oder Absage Ihrer Reservierung ist je zum 20ten f\u00fcr den Folgemonat m\u00f6glich.<\/p>\n\n\n\n<p>c) F\u00fcr die flexible Nutzung unseres Angebots steht Ihnen eine 10er Karte zur Verf\u00fcgung. Die Anzahl der zu betreuenden Hunde sind begrenzt, so dass durch deren Erwerb kein Anspruch auf bestimmte Tage besteht. Die einzeln gebuchte Tage k\u00f6nnen je bis Freitags 16:00 Uhrf\u00fcr die Folgewoche storniert werden. Anderenfalls wird die gesamte Buchung entsprechend abgerechnet. <\/p>\n\n\n\n<p>d) Sie vertrauen mir Ihren Hund an und \u00fcberlassen mir damit auch die Entscheidung, wann ich im Bedarfsfall einen Tierarzt zur Rate ziehe. Die entstehenden Kosten gehen zu Ihren Lasten. <\/p>\n\n\n\n<p>e) Sollte ein Hund nicht zur gebuchten Zeit, also bis 15 oder 18 Uhr abgeholt werden, wird die Versp\u00e4tung mit je 5\u20ac je angefangener halben Stunde in Rechnung gestellt. <\/p>\n\n\n\n<p>f)  Sollten einzelne Regelungen dieser AGB f\u00fcr ungesetzlich, nichtig oder nicht anwendbar befunden werden, bleiben alle \u00fcbrigen Bestimmungen davon unber\u00fchrt und vollst\u00e4ndig g\u00fcltig.<\/p>\n\n\n\n<p>g) Gerichtsstand ist Duisburg <\/p>\n","protected":false},"excerpt":{"rendered":"<p>Allgemeine Gesch\u00e4ftsbedingungen Stand 17.08.2019 \u00a71 Verhalten auf dem HuTa-Gel\u00e4nde a) Auf dem Gel\u00e4nde sind den Anweisungen von mir und meinen Mitarbeitern dringend Folge zu leisten b) Die beiden separaten Eingangstore sollen ein Ausb\u00fcxen der Hunde verhindern. Es ist von jedem darauf zu achten, dass immer nur ein Tor ge\u00f6ffnet ist und das andere verschlossen. \u00a72 Aufnahmebedingungen a) Nur Hunde die einen g\u00fcltigen Impfschutz (SHPPiLT) und eine g\u00fcltige Hundehalter-Haftpflichtversicherung besteht. Die Nachweise m\u00fcssen am Probetag, sowie jederzeit auf Anfrage vorgelegt werden. b) Hunde mit akuten und ansteckenden Krankheiten sind von der Betreuung ausgeschlossen. Sollte der Verdacht auf eine Erkrankung bestehen, muss der Hundehalter dies mitteilen. Wenn eine Erkrankung w\u00e4hrend der Betreuungszeit auftreten oder entdeckt werden sollte, behalte ich mir vor, die Betreuung abzubrechen und der Hund muss abgeholt werden. Im akuten Bedarfsfall wird ein Tierarzt bestellt, die Kosten hierf\u00fcr tr\u00e4gt der Hundehalter. Die HuTa Pfotenfreunde \u00fcbernimmt keine Haftung f\u00fcr Erkrankungen und deren Folge. c) L\u00e4ufige H\u00fcndinnen sind von der Betreuung ausgeschlossen. Wenn eine l\u00e4ufige H\u00fcndin dennoch zur Betreeung abgegeben wird \u00fcbernimmt die HuTa Pfotenfreunde keinerlei Haftung f\u00fcr die m\u00f6glichen Folgen, wie Deckung oder Bei\u00dfereien der anderen Hunde. Die hieraus entstehenden Kosten sind allein von dem Hundehalter der l\u00e4ufigen H\u00fcndin zu tragen. Auch f\u00fcr die Zeit vor und nach der L\u00e4ufigkeit (attraktives Riechen der H\u00fcndin) \u00fcbernimmt der Hundehalter die entstehenden Kosten und ist f\u00fcr die Folgen verantwortlich. d) Unvertr\u00e4gliche Hunde sind von der Betreeung ausgeschlossen. Dies kann am Probetag oder auch im sp\u00e4teren Verlauf auffallen. e) Die HuTa Pfotenfreunde beh\u00e4lt sich vor, Hunde die sich unwohl f\u00fchlen oder mit der Gruppenbetreuung nicht zurecht kommen, zu jeder Zeit auszuschlie\u00dfen f) Unverbesserliche Dauerkl\u00e4ffer k\u00f6nnen, aus R\u00fccksicht zu den direkten Nachbarn, zu jeder Zeit von der Betreuung ausgeschlossen werden. \u00a73 Fotos\/Videos und weitere Urheberrechte a) HuTa Pfotenfreunde verwendet Fotos und Videos die w\u00e4hrend der Betreuungszeit entstehen zu Werbezwecken b) Die Rechte aus der Datenschutz-Grundverordnung bleiben unbenommen \u00a74 Haftungsausschluss a) Sollte es durch Streiterein zu Verletzungen unter den Hunden kommen, sind die Behandlungskosten von dessen Haltern bzw. der Hundehalterhaftpflichtversicherung zu tragen. F\u00fcr die Feststellung, welcher Hund angegriffen hat, gilt meine Aussage bzw. die meiner Vertretung. b) Das Gel\u00e4nde der HuTa ist rundherum eingez\u00e4unt, sollte ein Hund dennoch entwischen, haftet der Hundehalter mit den h\u00e4lftigem entstandenen Kosten. Die andere H\u00e4lfte wird von der HuTa Pfotenfreunde \u00fcbernommen. c) Die HuTa Pfotenfreunde schlie\u00dft jegliche Haftung auf Schadensersatz aus. d) Sollte w\u00e4hrend der Betreuungszeit bei einem Hund der Impfschutz erlischen, tr\u00e4gt der Halter des betreffenden Tieres f\u00fcr alle auftretenden Folgen die volle Verantwortung. e) Sollte im Verlauf der Betreuung die Hundehalterhaftpflichtversicherung erl\u00f6schen oder gek\u00fcndigt werden, haftet der Halter selbst f\u00fcr durch den Hund entstandenen Sch\u00e4den. \u00a75 Vertragliche Richtlinien a) Jeder gew\u00fcnschte Betreuungstag muss vorab gebucht werden. Hierbei sind Bring- und Abholzeit festzulegen. Die Betreuung ist m\u00f6glich von Montag-Freitag von 07.00-18.00 Uhr. b) Per Monatsabonnement buchen Sie langfristig bestimmte Tage in der Woche f\u00fcr Ihren Hund. Die Monatsgeb\u00fchr ergibt sich aus den gew\u00fcnschten Tagen pro Woche und ist je zum Ersten eines Monats zu bezahlen. Aus den Monatspreisen sind Feiertage und Urlaubszeiten der HuTa Pfotenfreunde pro Jahr bereits rausgerechnet. F\u00fcr die dauerhafte Reservierung Ihres Platzes ist daher eine durchgehende Buchung n\u00f6tig. Eine Umbuchung oder Absage Ihrer Reservierung ist je zum 20ten f\u00fcr den Folgemonat m\u00f6glich. c) F\u00fcr die flexible Nutzung unseres Angebots steht Ihnen eine 10er Karte zur Verf\u00fcgung. Die Anzahl der zu betreuenden Hunde sind begrenzt, so dass durch deren Erwerb kein Anspruch auf bestimmte Tage besteht. Die einzeln gebuchte Tage k\u00f6nnen je bis Freitags 16:00 Uhrf\u00fcr die Folgewoche storniert werden. Anderenfalls wird die gesamte Buchung entsprechend abgerechnet. d) Sie vertrauen mir Ihren Hund an und \u00fcberlassen mir damit auch die Entscheidung, wann ich im Bedarfsfall einen Tierarzt zur Rate ziehe. Die entstehenden Kosten gehen zu Ihren Lasten. e) Sollte ein Hund nicht zur gebuchten Zeit, also bis 15 oder 18 Uhr abgeholt werden, wird die Versp\u00e4tung mit je 5\u20ac je angefangener halben Stunde in Rechnung gestellt. f) Sollten einzelne Regelungen dieser AGB f\u00fcr ungesetzlich, nichtig oder nicht anwendbar befunden werden, bleiben alle \u00fcbrigen Bestimmungen davon unber\u00fchrt und vollst\u00e4ndig g\u00fcltig. g) Gerichtsstand ist Duisburg<\/p>\n","protected":false},"author":1,"featured_media":0,"parent":0,"menu_order":0,"comment_status":"closed","ping_status":"closed","template":"","meta":{"footnotes":""},"class_list":["post-674","page","type-page","status-publish","hentry"],"_links":{"self":[{"href":"http:\/\/huta-pfotenfreunde.de\/index.php?rest_route=\/wp\/v2\/pages\/674","targetHints":{"allow":["GET"]}}],"collection":[{"href":"http:\/\/huta-pfotenfreunde.de\/index.php?rest_route=\/wp\/v2\/pages"}],"about":[{"href":"http:\/\/huta-pfotenfreunde.de\/index.php?rest_route=\/wp\/v2\/types\/page"}],"author":[{"embeddable":true,"href":"http:\/\/huta-pfotenfreunde.de\/index.php?rest_route=\/wp\/v2\/users\/1"}],"replies":[{"embeddable":true,"href":"http:\/\/huta-pfotenfreunde.de\/index.php?rest_route=%2Fwp%2Fv2%2Fcomments&post=674"}],"version-history":[{"count":6,"href":"http:\/\/huta-pfotenfreunde.de\/index.php?rest_route=\/wp\/v2\/pages\/674\/revisions"}],"predecessor-version":[{"id":707,"href":"http:\/\/huta-pfotenfreunde.de\/index.php?rest_route=\/wp\/v2\/pages\/674\/revisions\/707"}],"wp:attachment":[{"href":"http:\/\/huta-pfotenfreunde.de\/index.php?rest_route=%2Fwp%2Fv2%2Fmedia&parent=674"}],"curies":[{"name":"wp","href":"https:\/\/api.w.org\/{rel}","templated":true}]}}