{"id":2,"date":"2016-05-10T03:48:21","date_gmt":"2016-05-10T03:48:21","guid":{"rendered":"http:\/\/huta-pfotenfreunde.de\/?page_id=2"},"modified":"2023-01-07T18:27:50","modified_gmt":"2023-01-07T18:27:50","slug":"sample-page","status":"publish","type":"page","link":"https:\/\/huta-pfotenfreunde.de\/","title":{"rendered":"Gib Deinen Vierbeiner in die besten H\u00e4nde"},"content":{"rendered":"\n<p>bei Deiner Hundetagesst\u00e4tte in Duisburg Rheinhausen.<\/p>\n\n\n\n<p><\/p>\n\n\n\n<p><\/p>\n\n\n\n<p>Was macht Dein Hund eigentlich, w\u00e4hrend Du arbeiten oder anderweitig unterwegs bist? Singt er den Nachbarn ein Lied oder knabbert gar an dem neuen Sofa? <\/p>\n\n\n\n<p>Bei uns hat Dein Liebling die M\u00f6glichkeit in einer Hundegruppe zu toben &amp; zu spielen. Nat\u00fcrlich wird auch ordentlich geschmust und es gibt gen\u00fcgend Ruhezeiten. <\/p>\n\n\n\n<p>Wenn Du von der Arbeit oder Deinem Termin kommst, ist Dein Hund bereit den Abend gemeinsam mit Dir ausklingen zu lassen. Mehr erf\u00e4hrst Du <a href=\"http:\/\/huta-pfotenfreunde.de\/?page_id=686\">hier<\/a>.<\/p>\n\n\n\n<p><\/p>\n","protected":false},"excerpt":{"rendered":"<p>bei Deiner Hundetagesst\u00e4tte in Duisburg Rheinhausen. Was macht Dein Hund eigentlich, w\u00e4hrend Du arbeiten oder anderweitig unterwegs bist? Singt er den Nachbarn ein Lied oder knabbert gar an dem neuen Sofa? Bei uns hat Dein Liebling die M\u00f6glichkeit in einer Hundegruppe zu toben &amp; zu spielen. Nat\u00fcrlich wird auch ordentlich geschmust und es gibt gen\u00fcgend Ruhezeiten. Wenn Du von der Arbeit oder Deinem Termin kommst, ist Dein Hund bereit den Abend gemeinsam mit Dir ausklingen zu lassen. Mehr erf\u00e4hrst Du hier.<\/p>\n","protected":false},"author":1,"featured_media":0,"parent":0,"menu_order":0,"comment_status":"closed","ping_status":"open","template":"","meta":{"footnotes":""},"class_list":["post-2","page","type-page","status-publish","hentry"],"_links":{"self":[{"href":"https:\/\/huta-pfotenfreunde.de\/index.php?rest_route=\/wp\/v2\/pages\/2","targetHints":{"allow":["GET"]}}],"collection":[{"href":"https:\/\/huta-pfotenfreunde.de\/index.php?rest_route=\/wp\/v2\/pages"}],"about":[{"href":"https:\/\/huta-pfotenfreunde.de\/index.php?rest_route=\/wp\/v2\/types\/page"}],"author":[{"embeddable":true,"href":"https:\/\/huta-pfotenfreunde.de\/index.php?rest_route=\/wp\/v2\/users\/1"}],"replies":[{"embeddable":true,"href":"https:\/\/huta-pfotenfreunde.de\/index.php?rest_route=%2Fwp%2Fv2%2Fcomments&post=2"}],"version-history":[{"count":10,"href":"https:\/\/huta-pfotenfreunde.de\/index.php?rest_route=\/wp\/v2\/pages\/2\/revisions"}],"predecessor-version":[{"id":896,"href":"https:\/\/huta-pfotenfreunde.de\/index.php?rest_route=\/wp\/v2\/pages\/2\/revisions\/896"}],"wp:attachment":[{"href":"https:\/\/huta-pfotenfreunde.de\/index.php?rest_route=%2Fwp%2Fv2%2Fmedia&parent=2"}],"curies":[{"name":"wp","href":"https:\/\/api.w.org\/{rel}","templated":true}]}}