{"id":672,"date":"2019-08-16T21:47:22","date_gmt":"2019-08-16T21:47:22","guid":{"rendered":"http:\/\/huta-pfotenfreunde.de\/?page_id=672"},"modified":"2023-01-07T18:36:34","modified_gmt":"2023-01-07T18:36:34","slug":"ablauf-preise","status":"publish","type":"page","link":"https:\/\/huta-pfotenfreunde.de\/?page_id=672","title":{"rendered":"Schnupperstunde"},"content":{"rendered":"\n<p>Um einen ersten Eindruck Deines Vierbeiners zu erhalten und ihn\/sie optimal in die Hundegruppe zu integrieren, machen wir zun\u00e4chst einen Termin f\u00fcr eine Schnupperstunde aus, an dem Du gemeinsam mit Deinem Hund vorbei kommst. Die erste Schnupperstunde dauert in der Regel 30-45 Minuten und findet in der Zeit von 10.00 Uhr bis 14.00 Uhr nach vorheriger Terminabsprache statt.<\/p>\n\n\n\n<p>Bei uns gibt es kein Schema F, wir gehen individuell auf jeden Hund ein, ggf. sind mehrere Termine notwendig um Deinen Hund bestm\u00f6glich in die vorhandene Hundegruppe einzugliedern.  <\/p>\n\n\n\n<p>An dem Tag lernst Du mich und die bestehende Hundegruppe kennen und wir k\u00f6nnen schauen, ob sich Dein Hund auch wohl f\u00fchlt. Diese erste Schnupperstunde ist f\u00fcr Dich kostenlos. <\/p>\n\n\n\n<p>Wenn die Chemie stimmt, machen wir einen Termin f\u00fcr einen Probetag aus. <\/p>\n\n\n\n<h2 class=\"wp-block-heading\">Probetag<\/h2>\n\n\n\n<p>Der Probetag findet in einem gesonderten Termin statt. <\/p>\n\n\n\n<p>Der Probetag ist grunds\u00e4tzlich auf ca. 2 Stunden begrenzt, auch hier kann es abweichen, je nachdem wie die genaue Eingliederung abl\u00e4uft. <\/p>\n\n\n\n<p>F\u00fcr Fragen oder zur Terminvereinbarung melde Dich bei mir.<\/p>\n\n\n\n<div class=\"wp-block-button\"><a class=\"wp-block-button__link wp-element-button\" href=\"http:\/\/huta-pfotenfreunde.de\/?page_id=614\">Kontakt <\/a><\/div>\n","protected":false},"excerpt":{"rendered":"<p>Um einen ersten Eindruck Deines Vierbeiners zu erhalten und ihn\/sie optimal in die Hundegruppe zu integrieren, machen wir zun\u00e4chst einen Termin f\u00fcr eine Schnupperstunde aus, an dem Du gemeinsam mit Deinem Hund vorbei kommst. Die erste Schnupperstunde dauert in der Regel 30-45 Minuten und findet in der Zeit von 10.00 Uhr bis 14.00 Uhr nach vorheriger Terminabsprache statt. Bei uns gibt es kein Schema F, wir gehen individuell auf jeden Hund ein, ggf. sind mehrere Termine notwendig um Deinen Hund bestm\u00f6glich in die vorhandene Hundegruppe einzugliedern. An dem Tag lernst Du mich und die bestehende Hundegruppe kennen und wir k\u00f6nnen schauen, ob sich Dein Hund auch wohl f\u00fchlt. Diese erste Schnupperstunde ist f\u00fcr Dich kostenlos. Wenn die Chemie stimmt, machen wir einen Termin f\u00fcr einen Probetag aus. Probetag Der Probetag findet in einem gesonderten Termin statt. Der Probetag ist grunds\u00e4tzlich auf ca. 2 Stunden begrenzt, auch hier kann es abweichen, je nachdem wie die genaue Eingliederung abl\u00e4uft. F\u00fcr Fragen oder zur Terminvereinbarung melde Dich bei mir.<\/p>\n","protected":false},"author":1,"featured_media":0,"parent":0,"menu_order":0,"comment_status":"closed","ping_status":"closed","template":"","meta":{"footnotes":""},"class_list":["post-672","page","type-page","status-publish","hentry"],"_links":{"self":[{"href":"https:\/\/huta-pfotenfreunde.de\/index.php?rest_route=\/wp\/v2\/pages\/672","targetHints":{"allow":["GET"]}}],"collection":[{"href":"https:\/\/huta-pfotenfreunde.de\/index.php?rest_route=\/wp\/v2\/pages"}],"about":[{"href":"https:\/\/huta-pfotenfreunde.de\/index.php?rest_route=\/wp\/v2\/types\/page"}],"author":[{"embeddable":true,"href":"https:\/\/huta-pfotenfreunde.de\/index.php?rest_route=\/wp\/v2\/users\/1"}],"replies":[{"embeddable":true,"href":"https:\/\/huta-pfotenfreunde.de\/index.php?rest_route=%2Fwp%2Fv2%2Fcomments&post=672"}],"version-history":[{"count":8,"href":"https:\/\/huta-pfotenfreunde.de\/index.php?rest_route=\/wp\/v2\/pages\/672\/revisions"}],"predecessor-version":[{"id":900,"href":"https:\/\/huta-pfotenfreunde.de\/index.php?rest_route=\/wp\/v2\/pages\/672\/revisions\/900"}],"wp:attachment":[{"href":"https:\/\/huta-pfotenfreunde.de\/index.php?rest_route=%2Fwp%2Fv2%2Fmedia&parent=672"}],"curies":[{"name":"wp","href":"https:\/\/api.w.org\/{rel}","templated":true}]}}