{"id":727,"date":"2019-12-06T11:21:14","date_gmt":"2019-12-06T11:21:14","guid":{"rendered":"http:\/\/huta-pfotenfreunde.de\/?page_id=727"},"modified":"2026-01-07T08:52:23","modified_gmt":"2026-01-07T08:52:23","slug":"oeffnungszeiten","status":"publish","type":"page","link":"https:\/\/huta-pfotenfreunde.de\/?page_id=727","title":{"rendered":"\u00d6ffnungszeiten und Urlaubszeiten"},"content":{"rendered":"\n<p>Wir sind von Montag bis Donnerstag von 07.00-18.00 Uhr und Freitags von 07.00-16.00 Uhr f\u00fcr Euch da. <br><\/p>\n\n\n\n<p>An gesetzlichen Feiertagen bleibt die Hundetagesst\u00e4tte geschlossen. <\/p>\n\n\n\n<p class=\"has-text-align-center\">Urlaubszeiten der Hundetagesst\u00e4tte Pfotenfreunde: <\/p>\n\n\n\n<p class=\"has-text-align-center\">16.02.2026 <\/p>\n\n\n\n<p class=\"has-text-align-center\">09.03.-20.03.2026<\/p>\n\n\n\n<p class=\"has-text-align-center\">15.05.2026<\/p>\n\n\n\n<p class=\"has-text-align-center\">05.06.2026<\/p>\n\n\n\n<p class=\"has-text-align-center\">15.06.26-26.06.2026<\/p>\n\n\n\n<p class=\"has-text-align-center\">28.09.26-02.10.2026<\/p>\n\n\n\n<p class=\"has-text-align-center\">21.12.2026-08.01.2027<\/p>\n\n\n\n<p><\/p>\n\n\n\n<p><\/p>\n\n\n\n<p class=\"has-text-align-center\"><\/p>\n\n\n\n<p><\/p>\n","protected":false},"excerpt":{"rendered":"<p>Wir sind von Montag bis Donnerstag von 07.00-18.00 Uhr und Freitags von 07.00-16.00 Uhr f\u00fcr Euch da. An gesetzlichen Feiertagen bleibt die Hundetagesst\u00e4tte geschlossen. Urlaubszeiten der Hundetagesst\u00e4tte Pfotenfreunde: 16.02.2026 09.03.-20.03.2026 15.05.2026 05.06.2026 15.06.26-26.06.2026 28.09.26-02.10.2026 21.12.2026-08.01.2027<\/p>\n","protected":false},"author":1,"featured_media":0,"parent":0,"menu_order":0,"comment_status":"closed","ping_status":"closed","template":"","meta":{"footnotes":""},"class_list":["post-727","page","type-page","status-publish","hentry"],"_links":{"self":[{"href":"https:\/\/huta-pfotenfreunde.de\/index.php?rest_route=\/wp\/v2\/pages\/727","targetHints":{"allow":["GET"]}}],"collection":[{"href":"https:\/\/huta-pfotenfreunde.de\/index.php?rest_route=\/wp\/v2\/pages"}],"about":[{"href":"https:\/\/huta-pfotenfreunde.de\/index.php?rest_route=\/wp\/v2\/types\/page"}],"author":[{"embeddable":true,"href":"https:\/\/huta-pfotenfreunde.de\/index.php?rest_route=\/wp\/v2\/users\/1"}],"replies":[{"embeddable":true,"href":"https:\/\/huta-pfotenfreunde.de\/index.php?rest_route=%2Fwp%2Fv2%2Fcomments&post=727"}],"version-history":[{"count":11,"href":"https:\/\/huta-pfotenfreunde.de\/index.php?rest_route=\/wp\/v2\/pages\/727\/revisions"}],"predecessor-version":[{"id":952,"href":"https:\/\/huta-pfotenfreunde.de\/index.php?rest_route=\/wp\/v2\/pages\/727\/revisions\/952"}],"wp:attachment":[{"href":"https:\/\/huta-pfotenfreunde.de\/index.php?rest_route=%2Fwp%2Fv2%2Fmedia&parent=727"}],"curies":[{"name":"wp","href":"https:\/\/api.w.org\/{rel}","templated":true}]}}