{"id":746,"date":"2020-04-27T05:52:15","date_gmt":"2020-04-27T05:52:15","guid":{"rendered":"https:\/\/huta-pfotenfreunde.de\/?page_id=746"},"modified":"2022-04-03T16:39:01","modified_gmt":"2022-04-03T16:39:01","slug":"wer-kann-betreut-werden","status":"publish","type":"page","link":"https:\/\/huta-pfotenfreunde.de\/?page_id=746","title":{"rendered":"Wer kann betreut werden?"},"content":{"rendered":"\n<p>Nicht jeder Hund eignet sich f\u00fcr eine Betreuung bei uns, einiges sollte jedoch vorhanden sein: <\/p>\n\n\n\n<ul class=\"wp-block-list\"><li>Dein Hund sollte grunds\u00e4tzlich mit Artgenossen vertr\u00e4glich sein <\/li><li>Eine Grunderziehung sollte vorhanden sein, das bedeutet dass Dein Hund nicht nur seinen Namen kennt sondern z.B. auch ein \u201eNein\u201c assoziieren kann<\/li><\/ul>\n\n\n\n<p class=\"has-text-align-center\"><strong>Ist eine Kastration\/Sterilisation Voraussetzung f\u00fcr eine Betreuung in der HuTa?<\/strong><\/p>\n\n\n\n<ul class=\"wp-block-list\"><li>Bei uns gibt es <strong><mark style=\"background-color:#ffffff\" class=\"has-inline-color has-black-color\">keine<\/mark><\/strong> Kastrationspflicht, auch Intakte R\u00fcden k\u00f6nnen in die HuTa kommen<\/li><li>H\u00fcndinnen d\u00fcrfen w\u00e4hrend der L\u00e4ufigkeit nicht in die HuTa kommen, das bezieht sich auch auf die Tage vorher &amp; nachher wenn sie \u201egut riecht\u201c <\/li><\/ul>\n\n\n\n<p><\/p>\n","protected":false},"excerpt":{"rendered":"<p>Nicht jeder Hund eignet sich f\u00fcr eine Betreuung bei uns, einiges sollte jedoch vorhanden sein: Dein Hund sollte grunds\u00e4tzlich mit Artgenossen vertr\u00e4glich sein Eine Grunderziehung sollte vorhanden sein, das bedeutet dass Dein Hund nicht nur seinen Namen kennt sondern z.B. auch ein \u201eNein\u201c assoziieren kann Ist eine Kastration\/Sterilisation Voraussetzung f\u00fcr eine Betreuung in der HuTa? Bei uns gibt es keine Kastrationspflicht, auch Intakte R\u00fcden k\u00f6nnen in die HuTa kommen H\u00fcndinnen d\u00fcrfen w\u00e4hrend der L\u00e4ufigkeit nicht in die HuTa kommen, das bezieht sich auch auf die Tage vorher &amp; nachher wenn sie \u201egut riecht\u201c<\/p>\n","protected":false},"author":1,"featured_media":0,"parent":0,"menu_order":0,"comment_status":"closed","ping_status":"closed","template":"","meta":{"footnotes":""},"class_list":["post-746","page","type-page","status-publish","hentry"],"_links":{"self":[{"href":"https:\/\/huta-pfotenfreunde.de\/index.php?rest_route=\/wp\/v2\/pages\/746","targetHints":{"allow":["GET"]}}],"collection":[{"href":"https:\/\/huta-pfotenfreunde.de\/index.php?rest_route=\/wp\/v2\/pages"}],"about":[{"href":"https:\/\/huta-pfotenfreunde.de\/index.php?rest_route=\/wp\/v2\/types\/page"}],"author":[{"embeddable":true,"href":"https:\/\/huta-pfotenfreunde.de\/index.php?rest_route=\/wp\/v2\/users\/1"}],"replies":[{"embeddable":true,"href":"https:\/\/huta-pfotenfreunde.de\/index.php?rest_route=%2Fwp%2Fv2%2Fcomments&post=746"}],"version-history":[{"count":3,"href":"https:\/\/huta-pfotenfreunde.de\/index.php?rest_route=\/wp\/v2\/pages\/746\/revisions"}],"predecessor-version":[{"id":882,"href":"https:\/\/huta-pfotenfreunde.de\/index.php?rest_route=\/wp\/v2\/pages\/746\/revisions\/882"}],"wp:attachment":[{"href":"https:\/\/huta-pfotenfreunde.de\/index.php?rest_route=%2Fwp%2Fv2%2Fmedia&parent=746"}],"curies":[{"name":"wp","href":"https:\/\/api.w.org\/{rel}","templated":true}]}}