{"id":817,"date":"2020-04-22T06:29:45","date_gmt":"2020-04-22T06:29:45","guid":{"rendered":"https:\/\/huta-pfotenfreunde.de\/?page_id=817"},"modified":"2023-01-07T18:34:14","modified_gmt":"2023-01-07T18:34:14","slug":"tagesgestaltung","status":"publish","type":"page","link":"https:\/\/huta-pfotenfreunde.de\/?page_id=817","title":{"rendered":"Tagesgestaltung"},"content":{"rendered":"\n<figure class=\"wp-block-image size-large\"><img fetchpriority=\"high\" decoding=\"async\" width=\"1405\" height=\"1600\" src=\"https:\/\/huta-pfotenfreunde.de\/wp-content\/uploads\/2020\/04\/11990cab-ef9d-4414-a7c2-2afb178c90e9-1.jpg\" alt=\"\" class=\"wp-image-761\" srcset=\"https:\/\/huta-pfotenfreunde.de\/wp-content\/uploads\/2020\/04\/11990cab-ef9d-4414-a7c2-2afb178c90e9-1.jpg 1405w, https:\/\/huta-pfotenfreunde.de\/wp-content\/uploads\/2020\/04\/11990cab-ef9d-4414-a7c2-2afb178c90e9-1-263x300.jpg 263w, https:\/\/huta-pfotenfreunde.de\/wp-content\/uploads\/2020\/04\/11990cab-ef9d-4414-a7c2-2afb178c90e9-1-899x1024.jpg 899w, https:\/\/huta-pfotenfreunde.de\/wp-content\/uploads\/2020\/04\/11990cab-ef9d-4414-a7c2-2afb178c90e9-1-768x875.jpg 768w, https:\/\/huta-pfotenfreunde.de\/wp-content\/uploads\/2020\/04\/11990cab-ef9d-4414-a7c2-2afb178c90e9-1-1349x1536.jpg 1349w, https:\/\/huta-pfotenfreunde.de\/wp-content\/uploads\/2020\/04\/11990cab-ef9d-4414-a7c2-2afb178c90e9-1-1140x1298.jpg 1140w\" sizes=\"(max-width: 1405px) 100vw, 1405px\" \/><\/figure>\n\n\n\n<p>Was macht Dein Hund eigentlich, w\u00e4hrend Du arbeiten oder anderweitig unterwegs bist? Singt er den Nachbarn ein Lied oder knabbert gar an dem neuen Sofa?<\/p>\n\n\n\n<p>Bei uns hat Dein Vierbeiner die M\u00f6glichkeit in einer beaufsichtigten Hundegruppe den Tag zur verbringen. <\/p>\n\n\n\n<p>Hunde schlafen ca. zwischen 16-18 Stunden am Tag, daher liegt der Fokus bei uns auf Ruhe und Gelassenheit. Die Ruhe ist wichtig,  um das erlebte zu verarbeiten, die ganzen Ger\u00fcche, die anderen Hunde. Daher sind die Ruhezeiten f\u00fcr die Hunde unabdingbar f\u00fcr ein harmonisches Miteinander. <\/p>\n\n\n\n<p>Nat\u00fcrlich gibt es auch gen\u00fcgend Spielphasen, je nach Gruppe werden auch kleine \u00dcbungen aus der Erziehung mit in den Tag eingebaut. Auch kleine Impulskontrolle-\u00dcbungen (Wiederholungen) sind unabdingbar f\u00fcr einen reibungslosen, stressfreien Tag bei uns. <\/p>\n\n\n\n<p>Spielzeug werdet Ihr bei uns vergeblich suchen, da dies eine Ressource darstellt, die (meistens) stark besch\u00fctzt wird. Um eine negative Stimmung in der Gruppe zu vermeiden, haben wir uns dazu entschieden, kein Spielzeug in den Alltag einzubinden. <br><\/p>\n\n\n\n<p>Im Sommer gibt es f\u00fcr die Hunde die M\u00f6glichkeit sich in einem der Hundepools abzuk\u00fchlen. Selbstgemachtes Hundeeis (nach Absprache und Vertr\u00e4glichkeit) wird ebenfalls zurAbk\u00fchlung angeboten. Auch sind gen\u00fcgend Schattenpl\u00e4tze durch die vorhandenen B\u00e4ume sowie unsere Pavillons vorhanden.<\/p>\n\n\n\n<p>Unsere beiden Schutzh\u00fctten stehen immer offen, sodass die Hunde sich gerade bei schlechtem Wetter  zur\u00fcckziehen k\u00f6nnen. Beide H\u00fctten sind beheizt, sodass auch kalte Tage kein Problem darstellen. Es sind immer gen\u00fcgend Handt\u00fccher vorhanden, um an Regentagen alle Hunde regelm\u00e4\u00dfig abzutrocknen. Bei Hunden die kaum oder keine Unterwolle haben, bitten wir einen Mantel f\u00fcr die Hunde mitzubringen. <\/p>\n","protected":false},"excerpt":{"rendered":"<p>Was macht Dein Hund eigentlich, w\u00e4hrend Du arbeiten oder anderweitig unterwegs bist? Singt er den Nachbarn ein Lied oder knabbert gar an dem neuen Sofa? Bei uns hat Dein Vierbeiner die M\u00f6glichkeit in einer beaufsichtigten Hundegruppe den Tag zur verbringen. Hunde schlafen ca. zwischen 16-18 Stunden am Tag, daher liegt der Fokus bei uns auf Ruhe und Gelassenheit. Die Ruhe ist wichtig, um das erlebte zu verarbeiten, die ganzen Ger\u00fcche, die anderen Hunde. Daher sind die Ruhezeiten f\u00fcr die Hunde unabdingbar f\u00fcr ein harmonisches Miteinander. Nat\u00fcrlich gibt es auch gen\u00fcgend Spielphasen, je nach Gruppe werden auch kleine \u00dcbungen aus der Erziehung mit in den Tag eingebaut. Auch kleine Impulskontrolle-\u00dcbungen (Wiederholungen) sind unabdingbar f\u00fcr einen reibungslosen, stressfreien Tag bei uns. Spielzeug werdet Ihr bei uns vergeblich suchen, da dies eine Ressource darstellt, die (meistens) stark besch\u00fctzt wird. Um eine negative Stimmung in der Gruppe zu vermeiden, haben wir uns dazu entschieden, kein Spielzeug in den Alltag einzubinden. Im Sommer gibt es f\u00fcr die Hunde die M\u00f6glichkeit sich in einem der Hundepools abzuk\u00fchlen. Selbstgemachtes Hundeeis (nach Absprache und Vertr\u00e4glichkeit) wird ebenfalls zurAbk\u00fchlung angeboten. Auch sind gen\u00fcgend Schattenpl\u00e4tze durch die vorhandenen B\u00e4ume sowie unsere Pavillons vorhanden. Unsere beiden Schutzh\u00fctten stehen immer offen, sodass die Hunde sich gerade bei schlechtem Wetter zur\u00fcckziehen k\u00f6nnen. Beide H\u00fctten sind beheizt, sodass auch kalte Tage kein Problem darstellen. Es sind immer gen\u00fcgend Handt\u00fccher vorhanden, um an Regentagen alle Hunde regelm\u00e4\u00dfig abzutrocknen. Bei Hunden die kaum oder keine Unterwolle haben, bitten wir einen Mantel f\u00fcr die Hunde mitzubringen.<\/p>\n","protected":false},"author":1,"featured_media":0,"parent":0,"menu_order":0,"comment_status":"closed","ping_status":"closed","template":"","meta":{"footnotes":""},"class_list":["post-817","page","type-page","status-publish","hentry"],"_links":{"self":[{"href":"https:\/\/huta-pfotenfreunde.de\/index.php?rest_route=\/wp\/v2\/pages\/817","targetHints":{"allow":["GET"]}}],"collection":[{"href":"https:\/\/huta-pfotenfreunde.de\/index.php?rest_route=\/wp\/v2\/pages"}],"about":[{"href":"https:\/\/huta-pfotenfreunde.de\/index.php?rest_route=\/wp\/v2\/types\/page"}],"author":[{"embeddable":true,"href":"https:\/\/huta-pfotenfreunde.de\/index.php?rest_route=\/wp\/v2\/users\/1"}],"replies":[{"embeddable":true,"href":"https:\/\/huta-pfotenfreunde.de\/index.php?rest_route=%2Fwp%2Fv2%2Fcomments&post=817"}],"version-history":[{"count":4,"href":"https:\/\/huta-pfotenfreunde.de\/index.php?rest_route=\/wp\/v2\/pages\/817\/revisions"}],"predecessor-version":[{"id":898,"href":"https:\/\/huta-pfotenfreunde.de\/index.php?rest_route=\/wp\/v2\/pages\/817\/revisions\/898"}],"wp:attachment":[{"href":"https:\/\/huta-pfotenfreunde.de\/index.php?rest_route=%2Fwp%2Fv2%2Fmedia&parent=817"}],"curies":[{"name":"wp","href":"https:\/\/api.w.org\/{rel}","templated":true}]}}